{"id":238,"date":"2025-04-16T03:36:33","date_gmt":"2025-04-16T01:36:33","guid":{"rendered":"https:\/\/camilleduclos.com\/?page_id=238"},"modified":"2025-10-13T20:32:09","modified_gmt":"2025-10-13T18:32:09","slug":"a-propos","status":"publish","type":"page","link":"https:\/\/camilleduclos.com\/index.php\/a-propos\/","title":{"rendered":"A propos"},"content":{"rendered":"\n<div class=\"wp-block-group alignfull is-style-section-1 has-global-padding is-layout-constrained wp-block-group-is-layout-constrained is-style-section-1--1\" style=\"margin-top:0;margin-bottom:0;padding-top:0;padding-bottom:0\">\n<div class=\"wp-block-columns alignwide is-layout-flex wp-container-core-columns-is-layout-1 wp-block-columns-is-layout-flex\">\n<div class=\"wp-block-column is-layout-flow wp-block-column-is-layout-flow\" style=\"padding-right:var(--wp--preset--spacing--50);flex-basis:45%\">\n<figure class=\"wp-block-image size-full is-resized has-custom-border\"><img loading=\"lazy\" decoding=\"async\" width=\"1920\" height=\"1360\" src=\"https:\/\/camilleduclos.com\/wp-content\/uploads\/2025\/10\/IMG20250626092716-scaled-e1760380284103.jpg\" alt=\"\" class=\"has-border-color has-base-border-color wp-image-892\" style=\"border-width:28px;width:498px;height:auto\" srcset=\"https:\/\/camilleduclos.com\/wp-content\/uploads\/2025\/10\/IMG20250626092716-scaled-e1760380284103.jpg 1920w, https:\/\/camilleduclos.com\/wp-content\/uploads\/2025\/10\/IMG20250626092716-scaled-e1760380284103-300x213.jpg 300w, https:\/\/camilleduclos.com\/wp-content\/uploads\/2025\/10\/IMG20250626092716-scaled-e1760380284103-1024x725.jpg 1024w, https:\/\/camilleduclos.com\/wp-content\/uploads\/2025\/10\/IMG20250626092716-scaled-e1760380284103-768x544.jpg 768w, https:\/\/camilleduclos.com\/wp-content\/uploads\/2025\/10\/IMG20250626092716-scaled-e1760380284103-1536x1088.jpg 1536w\" sizes=\"auto, (max-width: 1920px) 100vw, 1920px\" \/><\/figure>\n\n\n\n<div class=\"wp-block-group has-global-padding is-layout-constrained wp-block-group-is-layout-constrained\" style=\"margin-top:-12vw\">\n<figure class=\"wp-block-image alignright size-full is-resized has-custom-border\" style=\"margin-top:0;margin-right:-5vw;margin-bottom:0;margin-left:-5vw\"><img loading=\"lazy\" decoding=\"async\" width=\"1920\" height=\"2560\" src=\"https:\/\/camilleduclos.com\/wp-content\/uploads\/2025\/10\/IMG20250822141620-scaled.jpg\" alt=\"\" class=\"has-border-color has-base-border-color wp-image-893\" style=\"border-width:9px;width:309px;height:auto\" srcset=\"https:\/\/camilleduclos.com\/wp-content\/uploads\/2025\/10\/IMG20250822141620-scaled.jpg 1920w, https:\/\/camilleduclos.com\/wp-content\/uploads\/2025\/10\/IMG20250822141620-225x300.jpg 225w, https:\/\/camilleduclos.com\/wp-content\/uploads\/2025\/10\/IMG20250822141620-768x1024.jpg 768w, https:\/\/camilleduclos.com\/wp-content\/uploads\/2025\/10\/IMG20250822141620-1152x1536.jpg 1152w, https:\/\/camilleduclos.com\/wp-content\/uploads\/2025\/10\/IMG20250822141620-1536x2048.jpg 1536w\" sizes=\"auto, (max-width: 1920px) 100vw, 1920px\" \/><\/figure>\n<\/div>\n<\/div>\n\n\n\n<div class=\"wp-block-column is-vertically-aligned-center is-layout-flow wp-block-column-is-layout-flow\" style=\"padding-right:0;padding-left:0;flex-basis:50%\">\n<p class=\"is-style-text-subtitle is-style-text-subtitle--2\" style=\"font-size:clamp(1.453rem, 1.453rem + ((1vw - 0.2rem) * 1.485), 2.4rem);font-style:normal;font-weight:200;letter-spacing:1px;line-height:2.5\">\u00ab\u00a0Chaque \u0153uvre est une \u00e9motion que les mots n\u2019auraient pas su traduire.\u00a0\u00bb<\/p>\n<\/div>\n<\/div>\n<\/div>\n\n\n\n<div class=\"wp-block-group alignfull has-global-padding is-layout-constrained wp-block-group-is-layout-constrained\" style=\"margin-top:0;margin-bottom:0;padding-top:var(--wp--preset--spacing--50);padding-bottom:var(--wp--preset--spacing--50)\">\n<div class=\"wp-block-columns alignwide is-layout-flex wp-container-core-columns-is-layout-2 wp-block-columns-is-layout-flex\">\n<div class=\"wp-block-column is-vertically-aligned-center is-layout-flow wp-block-column-is-layout-flow\">\n<h2 class=\"wp-block-heading has-text-color has-link-color has-large-font-size wp-elements-f307d52177610f75274dbce0fafb6129\" style=\"color:#dbb360;letter-spacing:2px\">ARTISTE PEINTRE INSPIREE PAR LA NATURE<\/h2>\n\n\n\n<p class=\"has-medium-font-size\">L\u2019art est un fil rouge qui traverse ma vie, un langage que j\u2019ai appris \u00e0 comprendre d\u00e8s l\u2019enfance, en observant mon p\u00e8re dessiner. Ses pastels et ses crayons donnaient naissance \u00e0 des \u0153uvres d\u2019une telle ma\u00eetrise qu\u2019ils ont \u00e9veill\u00e9 en moi une fascination profonde. Je me suis initi\u00e9e \u00e0 l\u2019art en reproduisant des tableaux d\u2019artistes, affinant mon regard sur les d\u00e9tails, les couleurs et la lumi\u00e8re.&nbsp;<\/p>\n<\/div>\n\n\n\n<div class=\"wp-block-column is-vertically-aligned-center is-layout-flow wp-block-column-is-layout-flow\">\n<figure class=\"wp-block-image aligncenter size-full is-resized is-style-rounded\"><img loading=\"lazy\" decoding=\"async\" width=\"2792\" height=\"3852\" src=\"https:\/\/camilleduclos.com\/wp-content\/uploads\/2025\/09\/camilleduclos-trigaliere-pastel.png\" alt=\"\" class=\"wp-image-867\" style=\"aspect-ratio:1;object-fit:cover;width:483px;height:auto\" srcset=\"https:\/\/camilleduclos.com\/wp-content\/uploads\/2025\/09\/camilleduclos-trigaliere-pastel.png 2792w, https:\/\/camilleduclos.com\/wp-content\/uploads\/2025\/09\/camilleduclos-trigaliere-pastel-217x300.png 217w, https:\/\/camilleduclos.com\/wp-content\/uploads\/2025\/09\/camilleduclos-trigaliere-pastel-742x1024.png 742w, https:\/\/camilleduclos.com\/wp-content\/uploads\/2025\/09\/camilleduclos-trigaliere-pastel-768x1060.png 768w, https:\/\/camilleduclos.com\/wp-content\/uploads\/2025\/09\/camilleduclos-trigaliere-pastel-1113x1536.png 1113w, https:\/\/camilleduclos.com\/wp-content\/uploads\/2025\/09\/camilleduclos-trigaliere-pastel-1484x2048.png 1484w\" sizes=\"auto, (max-width: 2792px) 100vw, 2792px\" \/><\/figure>\n<\/div>\n<\/div>\n<\/div>\n\n\n\n<div class=\"wp-block-group alignfull has-global-padding is-layout-constrained wp-block-group-is-layout-constrained\" style=\"margin-top:0;margin-bottom:0\">\n<div class=\"wp-block-group alignwide is-layout-flow wp-container-core-group-is-layout-7 wp-block-group-is-layout-flow\" style=\"padding-top:var(--wp--preset--spacing--50);padding-bottom:var(--wp--preset--spacing--50)\">\n<div class=\"wp-block-columns is-layout-flex wp-container-core-columns-is-layout-3 wp-block-columns-is-layout-flex\">\n<div class=\"wp-block-column is-layout-flow wp-block-column-is-layout-flow\">\n<div class=\"wp-block-group is-layout-flow wp-block-group-is-layout-flow\" style=\"border-top-color:var(--wp--preset--color--accent-6);border-top-width:1px;padding-top:var(--wp--preset--spacing--30);padding-bottom:var(--wp--preset--spacing--30)\">\n<h3 class=\"wp-block-heading has-text-color has-link-color wp-elements-7746d54b65e4cead26cf5380aea52fd1\" style=\"color:#dbb360;letter-spacing:2px\">Des premiers portraits aux premi\u00e8res expositions<\/h3>\n\n\n\n<p class=\"has-medium-font-size\">Au fil des ann\u00e9es, ma passion pour le dessin s\u2019est tourn\u00e9e vers la peinture, et j\u2019ai commenc\u00e9 \u00e0 r\u00e9aliser des portraits de mes proches, puis \u00e0 r\u00e9pondre \u00e0 des commandes. \u00c0 18 ans, j\u2019ai organis\u00e9 ma premi\u00e8re exposition dans ma ville d\u2019enfance, en Essonne. Ce moment charni\u00e8re a marqu\u00e9 le d\u00e9but d\u2019une exploration plus profonde de mon identit\u00e9 artistique et m\u2019a ouvert la voie vers une reconnaissance nouvelle, celle de partager mon art avec le public.&nbsp;<\/p>\n<\/div>\n<\/div>\n\n\n\n<div class=\"wp-block-column is-layout-flow wp-block-column-is-layout-flow\">\n<figure class=\"wp-block-image size-large\"><img loading=\"lazy\" decoding=\"async\" width=\"2560\" height=\"1440\" src=\"https:\/\/camilleduclos.com\/wp-content\/uploads\/2025\/04\/IMG_20250129_035430-edited-2-scaled.jpg\" alt=\"\" class=\"wp-image-241\" srcset=\"https:\/\/camilleduclos.com\/wp-content\/uploads\/2025\/04\/IMG_20250129_035430-edited-2-scaled.jpg 2560w, https:\/\/camilleduclos.com\/wp-content\/uploads\/2025\/04\/IMG_20250129_035430-edited-2-300x169.jpg 300w, https:\/\/camilleduclos.com\/wp-content\/uploads\/2025\/04\/IMG_20250129_035430-edited-2-1024x576.jpg 1024w, https:\/\/camilleduclos.com\/wp-content\/uploads\/2025\/04\/IMG_20250129_035430-edited-2-768x432.jpg 768w, https:\/\/camilleduclos.com\/wp-content\/uploads\/2025\/04\/IMG_20250129_035430-edited-2-1536x864.jpg 1536w, https:\/\/camilleduclos.com\/wp-content\/uploads\/2025\/04\/IMG_20250129_035430-edited-2-2048x1152.jpg 2048w\" sizes=\"auto, (max-width: 2560px) 100vw, 2560px\" \/><\/figure>\n<\/div>\n<\/div>\n\n\n\n<h3 class=\"wp-block-heading has-text-color has-link-color wp-elements-e72a4f014e571b49bba0fcfd55bc9856\" style=\"color:#dbb360;letter-spacing:2px\">Les \u00e9tudes d\u2019art et l\u2019exploration du graphisme<\/h3>\n\n\n\n<p class=\"has-medium-font-size\">Mes \u00e9tudes \u00e0 Paris, \u00e0 LISAA puis \u00e0 l\u2019\u00c9cole de Cond\u00e9, ont enrichi mon univers cr\u00e9atif. En parall\u00e8le de mes apprentissages acad\u00e9miques, mes premi\u00e8res exp\u00e9riences professionnelles en tant que freelance en graphisme et webdesign m\u2019ont permis d\u2019explorer des univers vari\u00e9s et d\u2019affiner mon regard artistique.&nbsp;<\/p>\n\n\n\n<div class=\"wp-block-columns is-layout-flex wp-container-core-columns-is-layout-4 wp-block-columns-is-layout-flex\">\n<div class=\"wp-block-column is-layout-flow wp-block-column-is-layout-flow\">\n<div class=\"wp-block-group is-layout-flow wp-block-group-is-layout-flow\" style=\"border-top-color:var(--wp--preset--color--accent-6);border-top-width:1px;padding-top:var(--wp--preset--spacing--30);padding-bottom:var(--wp--preset--spacing--30)\">\n<h3 class=\"wp-block-heading has-text-color has-link-color wp-elements-d45777ca1e518a2bf38cd98b7aad4c52\" style=\"color:#dbb360;letter-spacing:2px\">Une aventure entrepreneuriale et artistique<\/h3>\n\n\n\n<p class=\"has-medium-font-size\">Un autre tournant dans ma vie a \u00e9t\u00e9 l\u2019ouverture de deux restaurants scandinaves avec mon compagnon. Plus qu\u2019une aventure entrepreneuriale, ces lieux \u00e9taient une expression de notre philosophie de vie et d\u2019une esth\u00e9tique \u00e9pur\u00e9e, directement inspir\u00e9e par la nature. Pendant ces ann\u00e9es intenses, l\u2019art est rest\u00e9 mon refuge. Carnets de voyages, cyanotypes, linogravure, herbier, crochet, broderie&#8230; chaque moment de cr\u00e9ation \u00e9tait un retour \u00e0 l\u2019essentiel.<\/p>\n<\/div>\n<\/div>\n\n\n\n<div class=\"wp-block-column is-layout-flow wp-block-column-is-layout-flow\">\n<div class=\"wp-block-group is-layout-flow wp-block-group-is-layout-flow\" style=\"border-top-color:var(--wp--preset--color--accent-6);border-top-width:1px;padding-top:var(--wp--preset--spacing--30);padding-bottom:var(--wp--preset--spacing--30)\">\n<h3 class=\"wp-block-heading has-text-color has-link-color wp-elements-2bbbdc2c87c7053226da851b65316b16\" style=\"color:#dbb360;letter-spacing:2px\">Un retour aux sources artistiques<\/h3>\n\n\n\n<p class=\"has-medium-font-size\">Aujourd\u2019hui, je reviens pleinement \u00e0 l\u2019art, m\u2019exprimant \u00e0 travers l\u2019aquarelle, le pastel et la linogravure. Inspir\u00e9e par la beaut\u00e9 infinie de la nature, je cherche \u00e0 retranscrire ses lumi\u00e8res, ses formes et son \u00e9nergie. Mon travail s\u2019inscrit dans une qu\u00eate d\u2019authenticit\u00e9 et d\u2019\u00e9motion, avec une volont\u00e9 de partager ce que mes mains et mon c\u0153ur savent exprimer.<\/p>\n<\/div>\n<\/div>\n<\/div>\n<\/div>\n<\/div>\n\n\n\n<div class=\"wp-block-cover alignfull is-light has-custom-content-position is-position-bottom-center\" style=\"margin-top:0;margin-bottom:0;padding-top:var(--wp--preset--spacing--50);padding-right:var(--wp--preset--spacing--50);padding-bottom:var(--wp--preset--spacing--50);padding-left:var(--wp--preset--spacing--50);min-height:3px;aspect-ratio:unset;\"><span aria-hidden=\"true\" class=\"wp-block-cover__background has-base-background-color has-background-dim-80 has-background-dim\"><\/span><img loading=\"lazy\" decoding=\"async\" width=\"1080\" height=\"489\" class=\"wp-block-cover__image-background wp-image-129\" alt=\"\" src=\"https:\/\/camilleduclos.com\/wp-content\/uploads\/2025\/04\/IMG_20250403_222356.jpg\" style=\"object-position:39% 51%\" data-object-fit=\"cover\" data-object-position=\"39% 51%\" srcset=\"https:\/\/camilleduclos.com\/wp-content\/uploads\/2025\/04\/IMG_20250403_222356.jpg 1080w, https:\/\/camilleduclos.com\/wp-content\/uploads\/2025\/04\/IMG_20250403_222356-300x136.jpg 300w, https:\/\/camilleduclos.com\/wp-content\/uploads\/2025\/04\/IMG_20250403_222356-1024x464.jpg 1024w, https:\/\/camilleduclos.com\/wp-content\/uploads\/2025\/04\/IMG_20250403_222356-768x348.jpg 768w\" sizes=\"auto, (max-width: 1080px) 100vw, 1080px\" \/><div class=\"wp-block-cover__inner-container has-global-padding is-layout-constrained wp-container-core-cover-is-layout-1 wp-block-cover-is-layout-constrained\">\n<div class=\"wp-block-group alignwide has-global-padding is-content-justification-left is-layout-constrained wp-container-core-group-is-layout-9 wp-block-group-is-layout-constrained\">\n<h2 class=\"wp-block-heading has-text-align-left has-text-color has-link-color has-xx-large-font-size wp-elements-582f9f1f309c5151ffb6336c00c00729\" style=\"color:#50725f\">Commissions<\/h2>\n\n\n\n<p class=\"has-medium-font-size\">C\u2019est dans cette continuit\u00e9 que je propose aujourd\u2019hui des \u0153uvres sur commande, r\u00e9alis\u00e9es \u00e0 partir de photos. Loin d\u2019une simple reproduction, chaque pastel et aquarelle est une relecture artistique, une mani\u00e8re d\u2019insuffler de la douceur et de la po\u00e9sie \u00e0 un instant captur\u00e9. J\u2019aime retranscrire la subtilit\u00e9 des nuances, la profondeur d\u2019un regard ou l\u2019atmosph\u00e8re d\u2019un paysage, en y apportant ma sensibilit\u00e9 et mon style.<\/p>\n\n\n\n<p class=\"has-text-color has-link-color has-x-large-font-size wp-elements-18da2e6ae7ae1bf7c15e244d77e0dc41\" style=\"color:#dbb360\">Si mon univers r\u00e9sonne en vous et que vous souhaitez transformer un souvenir en \u0153uvre unique, je serais ravie de donner vie \u00e0 votre projet.<\/p>\n\n\n\n<div class=\"wp-block-buttons is-layout-flex wp-block-buttons-is-layout-flex\">\n<div class=\"wp-block-button\"><a class=\"wp-block-button__link has-background wp-element-button\" href=\"https:\/\/camilleduclos.com\/index.php\/commission\/\" style=\"background-color:#dbb360\">En savoir plus<\/a><\/div>\n<\/div>\n<\/div>\n<\/div><\/div>\n\n\n\n<p><\/p>\n\n\n\n<div class=\"wp-block-group alignfull has-contrast-color has-text-color is-vertical is-content-justification-center is-layout-flex wp-container-core-group-is-layout-10 wp-block-group-is-layout-flex\" style=\"min-height:40vh;margin-top:0;margin-bottom:0;padding-top:var(--wp--preset--spacing--60);padding-right:var(--wp--preset--spacing--50);padding-bottom:var(--wp--preset--spacing--60);padding-left:var(--wp--preset--spacing--50)\"><div style=\"margin-bottom:6px;\" class=\"aligncenter wp-block-site-logo\"><a href=\"https:\/\/camilleduclos.com\/\" class=\"custom-logo-link\" rel=\"home\"><img loading=\"lazy\" decoding=\"async\" width=\"141\" height=\"116\" src=\"https:\/\/camilleduclos.com\/wp-content\/uploads\/2025\/04\/LOGO_CAMILLE_DUCLOS-2.png\" class=\"custom-logo\" alt=\"Biographie\" srcset=\"https:\/\/camilleduclos.com\/wp-content\/uploads\/2025\/04\/LOGO_CAMILLE_DUCLOS-2.png 694w, https:\/\/camilleduclos.com\/wp-content\/uploads\/2025\/04\/LOGO_CAMILLE_DUCLOS-2-300x249.png 300w\" sizes=\"auto, (max-width: 141px) 100vw, 141px\" \/><\/a><\/div>\n\n\n<ul class=\"wp-block-social-links has-normal-icon-size is-style-logos-only is-content-justification-center is-nowrap is-layout-flex wp-container-core-social-links-is-layout-1 wp-block-social-links-is-layout-flex\"><li class=\"wp-social-link wp-social-link-linkedin  wp-block-social-link\"><a href=\"https:\/\/www.linkedin.com\/in\/camille-duclos-645a4b48\/\" class=\"wp-block-social-link-anchor\"><svg width=\"24\" height=\"24\" viewBox=\"0 0 24 24\" version=\"1.1\" xmlns=\"http:\/\/www.w3.org\/2000\/svg\" aria-hidden=\"true\" focusable=\"false\"><path d=\"M19.7,3H4.3C3.582,3,3,3.582,3,4.3v15.4C3,20.418,3.582,21,4.3,21h15.4c0.718,0,1.3-0.582,1.3-1.3V4.3 C21,3.582,20.418,3,19.7,3z M8.339,18.338H5.667v-8.59h2.672V18.338z M7.004,8.574c-0.857,0-1.549-0.694-1.549-1.548 c0-0.855,0.691-1.548,1.549-1.548c0.854,0,1.547,0.694,1.547,1.548C8.551,7.881,7.858,8.574,7.004,8.574z M18.339,18.338h-2.669 v-4.177c0-0.996-0.017-2.278-1.387-2.278c-1.389,0-1.601,1.086-1.601,2.206v4.249h-2.667v-8.59h2.559v1.174h0.037 c0.356-0.675,1.227-1.387,2.526-1.387c2.703,0,3.203,1.779,3.203,4.092V18.338z\"><\/path><\/svg><span class=\"wp-block-social-link-label screen-reader-text\">LinkedIn<\/span><\/a><\/li>\n\n<li class=\"wp-social-link wp-social-link-youtube  wp-block-social-link\"><a href=\"https:\/\/www.youtube.com\/channel\/UCDekTLHsSal8ozVB5CnJOyg\" class=\"wp-block-social-link-anchor\"><svg width=\"24\" height=\"24\" viewBox=\"0 0 24 24\" version=\"1.1\" xmlns=\"http:\/\/www.w3.org\/2000\/svg\" aria-hidden=\"true\" focusable=\"false\"><path d=\"M21.8,8.001c0,0-0.195-1.378-0.795-1.985c-0.76-0.797-1.613-0.801-2.004-0.847c-2.799-0.202-6.997-0.202-6.997-0.202 h-0.009c0,0-4.198,0-6.997,0.202C4.608,5.216,3.756,5.22,2.995,6.016C2.395,6.623,2.2,8.001,2.2,8.001S2,9.62,2,11.238v1.517 c0,1.618,0.2,3.237,0.2,3.237s0.195,1.378,0.795,1.985c0.761,0.797,1.76,0.771,2.205,0.855c1.6,0.153,6.8,0.201,6.8,0.201 s4.203-0.006,7.001-0.209c0.391-0.047,1.243-0.051,2.004-0.847c0.6-0.607,0.795-1.985,0.795-1.985s0.2-1.618,0.2-3.237v-1.517 C22,9.62,21.8,8.001,21.8,8.001z M9.935,14.594l-0.001-5.62l5.404,2.82L9.935,14.594z\"><\/path><\/svg><span class=\"wp-block-social-link-label screen-reader-text\">YouTube<\/span><\/a><\/li>\n\n<li class=\"wp-social-link wp-social-link-instagram  wp-block-social-link\"><a href=\"https:\/\/www.instagram.com\/camille.duclos.fr\/\" class=\"wp-block-social-link-anchor\"><svg width=\"24\" height=\"24\" viewBox=\"0 0 24 24\" version=\"1.1\" xmlns=\"http:\/\/www.w3.org\/2000\/svg\" aria-hidden=\"true\" focusable=\"false\"><path d=\"M12,4.622c2.403,0,2.688,0.009,3.637,0.052c0.877,0.04,1.354,0.187,1.671,0.31c0.42,0.163,0.72,0.358,1.035,0.673 c0.315,0.315,0.51,0.615,0.673,1.035c0.123,0.317,0.27,0.794,0.31,1.671c0.043,0.949,0.052,1.234,0.052,3.637 s-0.009,2.688-0.052,3.637c-0.04,0.877-0.187,1.354-0.31,1.671c-0.163,0.42-0.358,0.72-0.673,1.035 c-0.315,0.315-0.615,0.51-1.035,0.673c-0.317,0.123-0.794,0.27-1.671,0.31c-0.949,0.043-1.233,0.052-3.637,0.052 s-2.688-0.009-3.637-0.052c-0.877-0.04-1.354-0.187-1.671-0.31c-0.42-0.163-0.72-0.358-1.035-0.673 c-0.315-0.315-0.51-0.615-0.673-1.035c-0.123-0.317-0.27-0.794-0.31-1.671C4.631,14.688,4.622,14.403,4.622,12 s0.009-2.688,0.052-3.637c0.04-0.877,0.187-1.354,0.31-1.671c0.163-0.42,0.358-0.72,0.673-1.035 c0.315-0.315,0.615-0.51,1.035-0.673c0.317-0.123,0.794-0.27,1.671-0.31C9.312,4.631,9.597,4.622,12,4.622 M12,3 C9.556,3,9.249,3.01,8.289,3.054C7.331,3.098,6.677,3.25,6.105,3.472C5.513,3.702,5.011,4.01,4.511,4.511 c-0.5,0.5-0.808,1.002-1.038,1.594C3.25,6.677,3.098,7.331,3.054,8.289C3.01,9.249,3,9.556,3,12c0,2.444,0.01,2.751,0.054,3.711 c0.044,0.958,0.196,1.612,0.418,2.185c0.23,0.592,0.538,1.094,1.038,1.594c0.5,0.5,1.002,0.808,1.594,1.038 c0.572,0.222,1.227,0.375,2.185,0.418C9.249,20.99,9.556,21,12,21s2.751-0.01,3.711-0.054c0.958-0.044,1.612-0.196,2.185-0.418 c0.592-0.23,1.094-0.538,1.594-1.038c0.5-0.5,0.808-1.002,1.038-1.594c0.222-0.572,0.375-1.227,0.418-2.185 C20.99,14.751,21,14.444,21,12s-0.01-2.751-0.054-3.711c-0.044-0.958-0.196-1.612-0.418-2.185c-0.23-0.592-0.538-1.094-1.038-1.594 c-0.5-0.5-1.002-0.808-1.594-1.038c-0.572-0.222-1.227-0.375-2.185-0.418C14.751,3.01,14.444,3,12,3L12,3z M12,7.378 c-2.552,0-4.622,2.069-4.622,4.622S9.448,16.622,12,16.622s4.622-2.069,4.622-4.622S14.552,7.378,12,7.378z M12,15 c-1.657,0-3-1.343-3-3s1.343-3,3-3s3,1.343,3,3S13.657,15,12,15z M16.804,6.116c-0.596,0-1.08,0.484-1.08,1.08 s0.484,1.08,1.08,1.08c0.596,0,1.08-0.484,1.08-1.08S17.401,6.116,16.804,6.116z\"><\/path><\/svg><span class=\"wp-block-social-link-label screen-reader-text\">Instagram<\/span><\/a><\/li><\/ul>\n\n\n\n<p class=\"has-text-align-center is-style-default has-text-color has-link-color wp-elements-c7162392319a9f867be4063f367d0bb1\" style=\"color:#50725f;font-size:0.8rem;letter-spacing:3px\"><a href=\"https:\/\/camilleduclos.com\/index.php\/conditions-generales-de-ventes\/\" data-type=\"page\" data-id=\"391\" target=\"_blank\" rel=\"noreferrer noopener\">CGV<\/a><\/p>\n\n\n\n<p class=\"has-text-align-center is-style-default has-text-color has-link-color wp-elements-aef61bcb8b02591bc3f165582dd8f9ca\" style=\"color:#50725f;font-size:0.8rem;letter-spacing:3px\"><a href=\"https:\/\/camilleduclos.com\/index.php\/mentions-legales\/\" data-type=\"page\" data-id=\"265\" target=\"_blank\" rel=\"noreferrer noopener\">MENTIONS LEGALES<\/a><\/p>\n\n\n\n<p class=\"has-text-align-center is-style-text-subtitle has-text-color has-link-color wp-elements-6ca89ecbd3660d51733fa3e070fbf75a is-style-text-subtitle--3\" style=\"color:#dbb360;font-size:0.7rem;letter-spacing:2px\">\u00a9 Camille Duclos 2025<\/p>\n<\/div>\n\n\n\n<figure class=\"wp-block-image alignfull size-full\"><img loading=\"lazy\" decoding=\"async\" width=\"2560\" height=\"200\" src=\"https:\/\/camilleduclos.com\/wp-content\/uploads\/2025\/04\/FOND2-1-scaled-e1744770387746.jpg\" alt=\"\" class=\"wp-image-78\" srcset=\"https:\/\/camilleduclos.com\/wp-content\/uploads\/2025\/04\/FOND2-1-scaled-e1744770387746.jpg 2560w, https:\/\/camilleduclos.com\/wp-content\/uploads\/2025\/04\/FOND2-1-scaled-e1744770387746-300x23.jpg 300w, https:\/\/camilleduclos.com\/wp-content\/uploads\/2025\/04\/FOND2-1-scaled-e1744770387746-1024x80.jpg 1024w, https:\/\/camilleduclos.com\/wp-content\/uploads\/2025\/04\/FOND2-1-scaled-e1744770387746-768x60.jpg 768w, https:\/\/camilleduclos.com\/wp-content\/uploads\/2025\/04\/FOND2-1-scaled-e1744770387746-1536x120.jpg 1536w, https:\/\/camilleduclos.com\/wp-content\/uploads\/2025\/04\/FOND2-1-scaled-e1744770387746-2048x160.jpg 2048w\" sizes=\"auto, (max-width: 2560px) 100vw, 2560px\" \/><\/figure>\n","protected":false},"excerpt":{"rendered":"<p>\u00ab\u00a0Chaque \u0153uvre est une \u00e9motion que les mots n\u2019auraient pas su traduire.\u00a0\u00bb ARTISTE PEINTRE INSPIREE PAR LA NATURE L\u2019art est un fil rouge qui traverse ma vie, un langage que j\u2019ai appris \u00e0 comprendre d\u00e8s l\u2019enfance, en observant mon p\u00e8re dessiner. Ses pastels et ses crayons donnaient naissance \u00e0 des \u0153uvres d\u2019une telle ma\u00eetrise qu\u2019ils [&hellip;]<\/p>\n","protected":false},"author":3,"featured_media":0,"parent":0,"menu_order":0,"comment_status":"closed","ping_status":"closed","template":"","meta":{"footnotes":""},"class_list":["post-238","page","type-page","status-publish","hentry"],"_links":{"self":[{"href":"https:\/\/camilleduclos.com\/index.php\/wp-json\/wp\/v2\/pages\/238","targetHints":{"allow":["GET"]}}],"collection":[{"href":"https:\/\/camilleduclos.com\/index.php\/wp-json\/wp\/v2\/pages"}],"about":[{"href":"https:\/\/camilleduclos.com\/index.php\/wp-json\/wp\/v2\/types\/page"}],"author":[{"embeddable":true,"href":"https:\/\/camilleduclos.com\/index.php\/wp-json\/wp\/v2\/users\/3"}],"replies":[{"embeddable":true,"href":"https:\/\/camilleduclos.com\/index.php\/wp-json\/wp\/v2\/comments?post=238"}],"version-history":[{"count":7,"href":"https:\/\/camilleduclos.com\/index.php\/wp-json\/wp\/v2\/pages\/238\/revisions"}],"predecessor-version":[{"id":894,"href":"https:\/\/camilleduclos.com\/index.php\/wp-json\/wp\/v2\/pages\/238\/revisions\/894"}],"wp:attachment":[{"href":"https:\/\/camilleduclos.com\/index.php\/wp-json\/wp\/v2\/media?parent=238"}],"curies":[{"name":"wp","href":"https:\/\/api.w.org\/{rel}","templated":true}]}}